{"id":90,"date":"2014-11-25T18:02:52","date_gmt":"2014-11-25T18:02:52","guid":{"rendered":"http:\/\/arca4group.com\/new\/?page_id=90"},"modified":"2015-01-12T19:30:52","modified_gmt":"2015-01-12T19:30:52","slug":"entretien-et-gestion-des-pieces-de-dab","status":"publish","type":"page","link":"https:\/\/arca4group.com\/?page_id=90","title":{"rendered":"Entretien et gestion des pi\u00e8ces de DAB"},"content":{"rendered":"<div class=\"row-fluid\">\n\t<div class=\"wpb_content_element span12 wpb_text_column\">\n\t\t<div class=\"wpb_wrapper clearfix\">\n\t\t\t\n<p><img loading=\"lazy\" decoding=\"async\" class=\"alignnone wp-image-251 size-full\" src=\"http:\/\/arca4group.com\/wp-content\/uploads\/2014\/11\/atmrepair.jpg\" alt=\"\" width=\"950\" height=\"250\" srcset=\"https:\/\/arca4group.com\/wp-content\/uploads\/2014\/11\/atmrepair.jpg 950w, https:\/\/arca4group.com\/wp-content\/uploads\/2014\/11\/atmrepair-300x78.jpg 300w, https:\/\/arca4group.com\/wp-content\/uploads\/2014\/11\/atmrepair-640x168.jpg 640w\" sizes=\"(max-width: 950px) 100vw, 950px\" \/><\/p>\n\n\t\t<\/div> \n\t<\/div> <\/div> <div class=\"row-fluid\">\n\t<div class=\"wpb_content_element span12 wpb_text_column\">\n\t\t<div class=\"wpb_wrapper clearfix\">\n\t\t\t\n<p>Gr\u00e2ce \u00e0 son vaste r\u00e9seau mondial de fournisseurs, ARCA peut fournir des pi\u00e8ces pour la r\u00e9paration et l&#8217;entretien complet de vos \u00e9quipements.<\/p>\n\n\t\t<\/div> \n\t<\/div> <\/div>\n","protected":false},"excerpt":{"rendered":"","protected":false},"author":1,"featured_media":0,"parent":0,"menu_order":0,"comment_status":"closed","ping_status":"open","template":"","meta":{"footnotes":""},"class_list":["post-90","page","type-page","status-publish","hentry"],"_links":{"self":[{"href":"https:\/\/arca4group.com\/index.php?rest_route=\/wp\/v2\/pages\/90"}],"collection":[{"href":"https:\/\/arca4group.com\/index.php?rest_route=\/wp\/v2\/pages"}],"about":[{"href":"https:\/\/arca4group.com\/index.php?rest_route=\/wp\/v2\/types\/page"}],"author":[{"embeddable":true,"href":"https:\/\/arca4group.com\/index.php?rest_route=\/wp\/v2\/users\/1"}],"replies":[{"embeddable":true,"href":"https:\/\/arca4group.com\/index.php?rest_route=%2Fwp%2Fv2%2Fcomments&post=90"}],"version-history":[{"count":5,"href":"https:\/\/arca4group.com\/index.php?rest_route=\/wp\/v2\/pages\/90\/revisions"}],"predecessor-version":[{"id":459,"href":"https:\/\/arca4group.com\/index.php?rest_route=\/wp\/v2\/pages\/90\/revisions\/459"}],"wp:attachment":[{"href":"https:\/\/arca4group.com\/index.php?rest_route=%2Fwp%2Fv2%2Fmedia&parent=90"}],"curies":[{"name":"wp","href":"https:\/\/api.w.org\/{rel}","templated":true}]}}