{"id":82,"date":"2014-11-25T18:01:37","date_gmt":"2014-11-25T18:01:37","guid":{"rendered":"http:\/\/arca4group.com\/new\/?page_id=82"},"modified":"2015-01-12T19:35:33","modified_gmt":"2015-01-12T19:35:33","slug":"le-reapprovisionnement-et-la-gestion-du-numeraire","status":"publish","type":"page","link":"https:\/\/arca4group.com\/?page_id=82","title":{"rendered":"Le r\u00e9approvisionnement et la gestion du num\u00e9raire"},"content":{"rendered":"<div class=\"row-fluid\">\n\t<div class=\"wpb_content_element span6 wpb_text_column\">\n\t\t<div class=\"wpb_wrapper clearfix\">\n\t\t\t\n<p>ARCA peut fournir un service de r\u00e9seaux de guichets automatiques partout au Qu\u00e9bec et dans certaines r\u00e9gions de l&#8217;Ontario.<br \/>\nNous pouvons consid\u00e9rablement simplifier les processus des commandes de r\u00e9approvisionnement et du traitement de donn\u00e9es. Le solde des d\u00e9comptes des machines est effectu\u00e9 apr\u00e8s chaque ravitaillement et les rapports d\u00e9taill\u00e9s vous sont envoy\u00e9s sans d\u00e9lai. La fr\u00e9quence des approvisionnements est d\u00e9termin\u00e9e en fonction de vos besoins. Cependant, nous offrons des services de pr\u00e9vision et de gestion de tr\u00e9sorerie pour aider \u00e0 r\u00e9duire les stocks tout en minimisant le risque de pannes de num\u00e9raire. Nous fournissons \u00e9galement des services de r\u00e9approvisionnement d&#8217;urgence.<br \/>\nARCA utilise uniquement un personnel hautement qualifi\u00e9 afin de limiter les temps d&#8217;arr\u00eat pour les r\u00e9seaux DAB de sa client\u00e8le. Les membres de nos \u00e9quipes sont comp\u00e9tents dans la gestion, l&#8217;exploitation et la r\u00e9paration de toutes les marques de distributeurs automatiques de billets, y compris NCR, Diebold, Wincor Nixdorf, Triton, Tidel, Hyosung, ainsi que plusieurs autres mod\u00e8les.<\/p>\n\n\t\t<\/div> \n\t<\/div>  \n\t<div class=\"wpb_content_element span6 wpb_text_column\">\n\t\t<div class=\"wpb_wrapper clearfix\">\n\t\t\t\n<p><img loading=\"lazy\" decoding=\"async\" class=\"alignnone wp-image-293 size-full\" src=\"http:\/\/arca4group.com\/wp-content\/uploads\/2014\/11\/money.jpg\" alt=\"\" width=\"375\" height=\"450\" srcset=\"https:\/\/arca4group.com\/wp-content\/uploads\/2014\/11\/money.jpg 375w, https:\/\/arca4group.com\/wp-content\/uploads\/2014\/11\/money-250x300.jpg 250w\" sizes=\"(max-width: 375px) 100vw, 375px\" \/><\/p>\n\n\t\t<\/div> \n\t<\/div> <\/div>\n","protected":false},"excerpt":{"rendered":"","protected":false},"author":1,"featured_media":0,"parent":0,"menu_order":0,"comment_status":"closed","ping_status":"open","template":"","meta":{"footnotes":""},"class_list":["post-82","page","type-page","status-publish","hentry"],"_links":{"self":[{"href":"https:\/\/arca4group.com\/index.php?rest_route=\/wp\/v2\/pages\/82"}],"collection":[{"href":"https:\/\/arca4group.com\/index.php?rest_route=\/wp\/v2\/pages"}],"about":[{"href":"https:\/\/arca4group.com\/index.php?rest_route=\/wp\/v2\/types\/page"}],"author":[{"embeddable":true,"href":"https:\/\/arca4group.com\/index.php?rest_route=\/wp\/v2\/users\/1"}],"replies":[{"embeddable":true,"href":"https:\/\/arca4group.com\/index.php?rest_route=%2Fwp%2Fv2%2Fcomments&post=82"}],"version-history":[{"count":8,"href":"https:\/\/arca4group.com\/index.php?rest_route=\/wp\/v2\/pages\/82\/revisions"}],"predecessor-version":[{"id":465,"href":"https:\/\/arca4group.com\/index.php?rest_route=\/wp\/v2\/pages\/82\/revisions\/465"}],"wp:attachment":[{"href":"https:\/\/arca4group.com\/index.php?rest_route=%2Fwp%2Fv2%2Fmedia&parent=82"}],"curies":[{"name":"wp","href":"https:\/\/api.w.org\/{rel}","templated":true}]}}