{"id":80,"date":"2014-11-25T18:01:14","date_gmt":"2014-11-25T18:01:14","guid":{"rendered":"http:\/\/arca4group.com\/new\/?page_id=80"},"modified":"2017-09-19T13:53:50","modified_gmt":"2017-09-19T13:53:50","slug":"coffres-forts-et-serrures","status":"publish","type":"page","link":"https:\/\/arca4group.com\/?page_id=80","title":{"rendered":"Coffres-forts et serrures"},"content":{"rendered":"<div class=\"row-fluid\">\n\t<div class=\"wpb_content_element span6 wpb_text_column\">\n\t\t<div class=\"wpb_wrapper clearfix\">\n\t\t\t\n<p>ARCA vous propose des coffres-forts qui prot\u00e8geront vos r\u00e9serves d&#8217;esp\u00e8ces et autres objets de valeur. ARCA peut satisfaire toutes vos exigences de s\u00e9curit\u00e9, y compris l&#8217;installation de vo\u00fbtes enti\u00e8rement blind\u00e9es.<\/p>\n<p>ARCA poss\u00e8de dans son inventaire un vaste assortiment de serrures, des mod\u00e8les manuels ou \u00e9lectroniques et peut fournir une gamme de coffres-forts intelligents pour un contr\u00f4le total de la tr\u00e9sorerie qui minimise le retrait et les pertes.<\/p>\n<p>Nos coffres-forts intelligents sont le nec plus ultra, que vous soyez du secteur des commerces de d\u00e9tail ou de gros qui manipulent r\u00e9guli\u00e8rement du num\u00e9raire.<\/p>\n<p>Les services de serrurie sont offerts par nos partenaires licenci\u00e9s.<\/p>\n\n\t\t<\/div> \n\t<\/div>  \n\t<div class=\"wpb_content_element span6 wpb_text_column\">\n\t\t<div class=\"wpb_wrapper clearfix\">\n\t\t\t\n<p><img loading=\"lazy\" decoding=\"async\" class=\"alignnone wp-image-283 size-full\" src=\"http:\/\/arca4group.com\/wp-content\/uploads\/2014\/11\/mchine.jpg\" alt=\"\" width=\"187\" height=\"300\" \/><\/p>\n\n\t\t<\/div> \n\t<\/div> <\/div> <div class=\"row-fluid\">\n\t<div class=\"wpb_content_element span12 wpb_box_text whitestroke\">\n\t\t<div class=\"wpb_wrapper\">\n\t\t\t<div class=\"box-content-wrap\">\n<p><strong>ARCA vous offre:<\/strong><\/p>\n<p>\u2022 <strong>La manipulation s\u00e9curis\u00e9e de l&#8217;argent:<\/strong> Nous validons la tr\u00e9sorerie, nous rejetons les contrefa\u00e7ons et nous r\u00e9duisons le temps de pr\u00e9paration des d\u00e9p\u00f4ts.<\/p>\n<p>\u2022 <strong>Pas de co\u00fbts initiaux:<\/strong> Leur installation est facile et les syst\u00e8mes sont adapt\u00e9s \u00e0 vos besoins.<\/p>\n<p><strong>\u2022 Les rapports automatiques :<\/strong> Toutes les op\u00e9rations sont suivies de rapports complets, y compris en ligne sur notre portail web.<\/p>\n<p>\u2022 <strong>Un syst\u00e8me en circuit \u00e9tanche s\u00e9curis\u00e9 :<\/strong> Les occasions de vols sont ainsi grandement repouss\u00e9es<\/p>\n<\/div>\n\t\t<\/div> \n\t<\/div> <\/div> <div class=\"blank_spacer\" style=\"height:30px;\"><\/div>\n\n","protected":false},"excerpt":{"rendered":"","protected":false},"author":1,"featured_media":0,"parent":0,"menu_order":0,"comment_status":"closed","ping_status":"open","template":"","meta":{"footnotes":""},"class_list":["post-80","page","type-page","status-publish","hentry"],"_links":{"self":[{"href":"https:\/\/arca4group.com\/index.php?rest_route=\/wp\/v2\/pages\/80"}],"collection":[{"href":"https:\/\/arca4group.com\/index.php?rest_route=\/wp\/v2\/pages"}],"about":[{"href":"https:\/\/arca4group.com\/index.php?rest_route=\/wp\/v2\/types\/page"}],"author":[{"embeddable":true,"href":"https:\/\/arca4group.com\/index.php?rest_route=\/wp\/v2\/users\/1"}],"replies":[{"embeddable":true,"href":"https:\/\/arca4group.com\/index.php?rest_route=%2Fwp%2Fv2%2Fcomments&post=80"}],"version-history":[{"count":12,"href":"https:\/\/arca4group.com\/index.php?rest_route=\/wp\/v2\/pages\/80\/revisions"}],"predecessor-version":[{"id":498,"href":"https:\/\/arca4group.com\/index.php?rest_route=\/wp\/v2\/pages\/80\/revisions\/498"}],"wp:attachment":[{"href":"https:\/\/arca4group.com\/index.php?rest_route=%2Fwp%2Fv2%2Fmedia&parent=80"}],"curies":[{"name":"wp","href":"https:\/\/api.w.org\/{rel}","templated":true}]}}