{"id":77,"date":"2014-11-25T17:59:01","date_gmt":"2014-11-25T17:59:01","guid":{"rendered":"http:\/\/arca4group.com\/new\/?page_id=77"},"modified":"2015-01-12T19:38:53","modified_gmt":"2015-01-12T19:38:53","slug":"le-traitement-des-billets-et-de-la-monnaie","status":"publish","type":"page","link":"https:\/\/arca4group.com\/?page_id=77","title":{"rendered":"Le traitement des billets et de la monnaie"},"content":{"rendered":"<div class=\"row-fluid\">\n\t<div class=\"wpb_content_element span8 wpb_text_column\">\n\t\t<div class=\"wpb_wrapper clearfix\">\n\t\t\t\n<p>ARCA dispose d\u2019\u00e9quipements de pointe permettant le comptage et le triage efficace du num\u00e9raire afin de valider la tr\u00e9sorerie. Certains de nos services de traitement des esp\u00e8ces comprennent la pr\u00e9paration, la modification et l&#8217;ex\u00e9cution de la commande de num\u00e9raire, la consolidation des d\u00e9p\u00f4ts, la pr\u00e9paration de la tr\u00e9sorerie des guichets automatiques et le traitement des donn\u00e9es.<\/p>\n<p>ARCA a aussi des services disponibles complets de comptage de pi\u00e8ces de monnaie, de tri et d&#8217;emballage. Nous offrons des modifications de commandes standards et non-standards pour \u00eatre livr\u00e9es le lendemain \u00e0 votre emplacement, ainsi que des retours de livraisons r\u00e9duisant vos frais d\u2019inventaire. Nous fournissons aussi le stockage et le s\u00e9chage de pi\u00e8ces de monnaie. Nous produisons des rapports d\u00e9taill\u00e9s de tr\u00e9sorerie et du traitement des pi\u00e8ces le tout consolid\u00e9 selon vos exigences.<\/p>\n\n\t\t<\/div> \n\t<\/div>  \n\t<div class=\"wpb_content_element span4 wpb_text_column\">\n\t\t<div class=\"wpb_wrapper clearfix\">\n\t\t\t\n<p><img loading=\"lazy\" decoding=\"async\" class=\"alignnone wp-image-208 size-full\" src=\"http:\/\/arca4group.com\/wp-content\/uploads\/2014\/11\/countequip.jpg\" alt=\"\" width=\"400\" height=\"299\" srcset=\"https:\/\/arca4group.com\/wp-content\/uploads\/2014\/11\/countequip.jpg 400w, https:\/\/arca4group.com\/wp-content\/uploads\/2014\/11\/countequip-300x224.jpg 300w\" sizes=\"(max-width: 400px) 100vw, 400px\" \/><\/p>\n\n\t\t<\/div> \n\t<\/div> <\/div> <div class=\"row-fluid\">\n\t<div class=\"wpb_content_element span12 wpb_text_column\">\n\t\t<div class=\"wpb_wrapper clearfix\">\n\t\t\t\n<p>ARCA a \u00e9galement un programme sp\u00e9cial mis en place pour les organismes de bienfaisance. S&#8217;il vous pla\u00eet, veuillez nous contacter pour plus de d\u00e9tails concernant ce programme.<\/p>\n\n\t\t<\/div> \n\t<\/div> <\/div>\n","protected":false},"excerpt":{"rendered":"","protected":false},"author":1,"featured_media":0,"parent":0,"menu_order":0,"comment_status":"closed","ping_status":"open","template":"","meta":{"footnotes":""},"class_list":["post-77","page","type-page","status-publish","hentry"],"_links":{"self":[{"href":"https:\/\/arca4group.com\/index.php?rest_route=\/wp\/v2\/pages\/77"}],"collection":[{"href":"https:\/\/arca4group.com\/index.php?rest_route=\/wp\/v2\/pages"}],"about":[{"href":"https:\/\/arca4group.com\/index.php?rest_route=\/wp\/v2\/types\/page"}],"author":[{"embeddable":true,"href":"https:\/\/arca4group.com\/index.php?rest_route=\/wp\/v2\/users\/1"}],"replies":[{"embeddable":true,"href":"https:\/\/arca4group.com\/index.php?rest_route=%2Fwp%2Fv2%2Fcomments&post=77"}],"version-history":[{"count":5,"href":"https:\/\/arca4group.com\/index.php?rest_route=\/wp\/v2\/pages\/77\/revisions"}],"predecessor-version":[{"id":469,"href":"https:\/\/arca4group.com\/index.php?rest_route=\/wp\/v2\/pages\/77\/revisions\/469"}],"wp:attachment":[{"href":"https:\/\/arca4group.com\/index.php?rest_route=%2Fwp%2Fv2%2Fmedia&parent=77"}],"curies":[{"name":"wp","href":"https:\/\/api.w.org\/{rel}","templated":true}]}}