{"id":20,"date":"2014-11-10T16:45:48","date_gmt":"2014-11-10T16:45:48","guid":{"rendered":"http:\/\/arca4group.com\/new\/?page_id=20"},"modified":"2015-01-12T19:04:06","modified_gmt":"2015-01-12T19:04:06","slug":"carrieres","status":"publish","type":"page","link":"https:\/\/arca4group.com\/?page_id=20","title":{"rendered":"CARRI\u00c8RES"},"content":{"rendered":"<div class=\"row-fluid\">\n\t<div class=\"wpb_content_element span9 wpb_text_column\">\n\t\t<div class=\"wpb_wrapper clearfix\">\n\t\t\t\n<p>ARCA est un employeur souscrivant au principe d&#8217;acc\u00e8s \u00e0 l&#8217;\u00e9galit\u00e9 en emploi.<\/p>\n<p>Notre devise pour tous les agents est &#8220;ad percutiendum&#8221; une discipline organisationnelle impos\u00e9e par la formation continue \u00e0 l&#8217;utilisation des techniques d\u00e9fensives et au maniement de diff\u00e9rents types d\u2019armes. Nos priorit\u00e9s sont de satisfaire les demandes de nos clients et le retour \u00e0 la maison en toute s\u00e9curit\u00e9 de nos employ\u00e9s.<span style=\"text-decoration: line-through;\"><br \/>\n<\/span><\/p>\n\n\t\t<\/div> \n\t<\/div>  \n\t<div class=\"wpb_content_element span3 wpb_text_column\">\n\t\t<div class=\"wpb_wrapper clearfix\">\n\t\t\t\n<p><a title=\"CONTACTEZ\" href=\"http:\/\/arca4group.com\/?page_id=22\"><img loading=\"lazy\" decoding=\"async\" class=\"alignnone wp-image-429 size-full\" src=\"http:\/\/arca4group.com\/wp-content\/uploads\/2014\/11\/contacteznous.png\" alt=\"\" width=\"205\" height=\"108\" \/><\/a><\/p>\n\n\t\t<\/div> \n\t<\/div> <\/div> <div class=\"wpb_divider thin wpb_content_element \"><\/div>\n <div class=\"row-fluid\">\n\t<div class=\"wpb_content_element span12 wpb_text_column\">\n\t\t<div class=\"wpb_wrapper clearfix\">\n\t\t\t<div class=\"heading-wrap\"><h3 class=\"wpb_heading wpb_text_heading\">La formation du personnel<\/h3><\/div>\n\t\t\t\n<p>ARCA fournit \u00e0 tous les employ\u00e9s, un programme complet de formation en s\u00e9curit\u00e9 de 10 jours. La r\u00e9ussite de cette formation est une condition obligatoire pour obtenir un emploi.<\/p>\n<p>Notre programme de formation initiale et continue comprend :<\/p>\n<p>\u2022 Le service \u00e0 la client\u00e8le<br \/>\n\u2022 Des jeux de r\u00f4le r\u00e9alistes avec des exercices de simulation<br \/>\n\u2022 Des exercices d\u2019analyse, d&#8217;\u00e9valuation et de gestion de diff\u00e9rentes situations<br \/>\n\u2022 De la manipulation d&#8217;armes \u00e0 feu et des exercices de tir<br \/>\n\u2022 Des sessions p\u00e9riodiques de formation en Krav Maga<br \/>\n\u2022 Des exercices bimensuels comprenant des techniques d\u00e9fensives selon le syst\u00e8me Monadnock<\/p>\n\n\t\t<\/div> \n\t<\/div> <\/div> <div class=\"wpb_divider go_to_top_icon1 wpb_content_element \"><a class=\"animate-top\" href=\"#\"><i class=\"icon-arrow-up\"><\/i><\/a><\/div>\n <div class=\"row-fluid\">\n\t<div class=\"wpb_content_element span12 wpb_text_column\">\n\t\t<div class=\"wpb_wrapper clearfix\">\n\t\t\t<div class=\"heading-wrap\"><h3 class=\"wpb_heading wpb_text_heading\">Processus De Recrutement<\/h3><\/div>\n\t\t\t\n<p><strong>1<\/strong> Le candidat doit poss\u00e9der les pr\u00e9-requis suivants :<\/p>\n<p>a. Deux (2) ans d&#8217;exp\u00e9rience minimum dans le secteur des v\u00e9hicules blind\u00e9s<br \/>\nb. Un permis de conduire valide<br \/>\nc. Un permis de possession et d&#8217;acquisition d\u2019armes \u00e0 feu<br \/>\nd. Un permis de transport de bien de valeurs valide d\u00e9livr\u00e9 par le Bureau de s\u00e9curit\u00e9 priv\u00e9e au Qu\u00e9bec<br \/>\ne. Un certificat de comp\u00e9tence en b\u00e2ton t\u00e9lescopique (MEB)<br \/>\nf. Un certificat de comp\u00e9tence en techniques d\u00e9fensives (MDTS)<br \/>\ni. Les pr\u00e9-requis e et f peuvent \u00eatre fournis par ARCA \u00e0 la charge du candidat<\/p>\n<p><strong>2.<\/strong> La demande d\u2019application : le candidat potentiel doit postuler en ligne en fournissant une lettre de pr\u00e9sentation et un curriculum vitae.<br \/>\n<strong>3.<\/strong> Premi\u00e8re entrevue : Le candidat rencontrera un repr\u00e9sentant des ressources humaines d&#8217;ARCA et fera l&#8217;objet d&#8217;un entretien.<br \/>\n<strong>4.<\/strong> Les candidats doivent se soumettre \u00e0 une v\u00e9rification des ant\u00e9c\u00e9dents criminels et de cr\u00e9dit, \u00e0 un examen m\u00e9dical pendant le processus d\u2019embauche et \u00e0 une prise des empreintes digitales apr\u00e8s son engagement.<br \/>\n<strong>5.<\/strong> Compl\u00e9ter avec succ\u00e8s sa formation tel qu\u2019exig\u00e9e par l\u2019\u00c9cole Nationale de Police du Qu\u00e9bec sur la manipulation des armes \u00e0 feu et l&#8217;usage de la force qui sera fournie par ARCA.<br \/>\n<strong>6.<\/strong> Terminer le programme interne de formation en s\u00e9curit\u00e9 d\u2019ARCA.<\/p>\n\n\t\t<\/div> \n\t<\/div> <\/div>\n","protected":false},"excerpt":{"rendered":"","protected":false},"author":1,"featured_media":0,"parent":0,"menu_order":0,"comment_status":"open","ping_status":"open","template":"","meta":{"footnotes":""},"class_list":["post-20","page","type-page","status-publish","hentry"],"_links":{"self":[{"href":"https:\/\/arca4group.com\/index.php?rest_route=\/wp\/v2\/pages\/20"}],"collection":[{"href":"https:\/\/arca4group.com\/index.php?rest_route=\/wp\/v2\/pages"}],"about":[{"href":"https:\/\/arca4group.com\/index.php?rest_route=\/wp\/v2\/types\/page"}],"author":[{"embeddable":true,"href":"https:\/\/arca4group.com\/index.php?rest_route=\/wp\/v2\/users\/1"}],"replies":[{"embeddable":true,"href":"https:\/\/arca4group.com\/index.php?rest_route=%2Fwp%2Fv2%2Fcomments&post=20"}],"version-history":[{"count":12,"href":"https:\/\/arca4group.com\/index.php?rest_route=\/wp\/v2\/pages\/20\/revisions"}],"predecessor-version":[{"id":446,"href":"https:\/\/arca4group.com\/index.php?rest_route=\/wp\/v2\/pages\/20\/revisions\/446"}],"wp:attachment":[{"href":"https:\/\/arca4group.com\/index.php?rest_route=%2Fwp%2Fv2%2Fmedia&parent=20"}],"curies":[{"name":"wp","href":"https:\/\/api.w.org\/{rel}","templated":true}]}}