{"id":16,"date":"2014-11-10T16:45:09","date_gmt":"2014-11-10T16:45:09","guid":{"rendered":"http:\/\/arca4group.com\/new\/?page_id=16"},"modified":"2017-10-26T13:55:53","modified_gmt":"2017-10-26T13:55:53","slug":"a-propos","status":"publish","type":"page","link":"https:\/\/arca4group.com\/","title":{"rendered":"ACCUEIL"},"content":{"rendered":"<div class=\"blank_spacer\" style=\"height:30px;\"><\/div>\n <div class=\"row-fluid\">\n\t<div class=\"wpb_content_element span3 wpb_text_column\">\n\t\t<div class=\"wpb_wrapper clearfix\">\n\t\t\t<div class=\"heading-wrap\"><h3 class=\"wpb_heading wpb_text_heading\">Solutions<\/h3><\/div>\n\t\t\t\n<p><a title=\"Solutions\" href=\"http:\/\/arca4group.com\/?page_id=157\"><img loading=\"lazy\" decoding=\"async\" class=\"alignnone wp-image-53 size-full\" src=\"http:\/\/arca4group.com\/wp-content\/uploads\/2014\/11\/solutions001.jpg\" alt=\"\" width=\"250\" height=\"250\" srcset=\"https:\/\/arca4group.com\/wp-content\/uploads\/2014\/11\/solutions001.jpg 250w, https:\/\/arca4group.com\/wp-content\/uploads\/2014\/11\/solutions001-150x150.jpg 150w\" sizes=\"(max-width: 250px) 100vw, 250px\" \/><\/a><\/p>\n<p>ARCA vous offre une gamme compl\u00e8te de solutions pour satisfaire tous les domaines de l\u2019industrie. Notre but est de satisfaire notre client\u00e8le selon leur besoins. <a title=\"Solutions\" href=\"http:\/\/arca4group.com\/?page_id=157\">Plus d&#8217;information&#8230;.<\/a><\/p>\n\n\t\t<\/div> \n\t<\/div>  \n\t<div class=\"wpb_content_element span3 wpb_text_column\">\n\t\t<div class=\"wpb_wrapper clearfix\">\n\t\t\t<div class=\"heading-wrap\"><h3 class=\"wpb_heading wpb_text_heading\">Transport de valeurs<\/h3><\/div>\n\t\t\t\n<p><a title=\"Transport des valeurs\" href=\"http:\/\/arca4group.com\/?page_id=159\"><img loading=\"lazy\" decoding=\"async\" class=\"alignnone wp-image-54 size-full\" src=\"http:\/\/arca4group.com\/wp-content\/uploads\/2014\/11\/transport001.jpg\" alt=\"\" width=\"250\" height=\"250\" srcset=\"https:\/\/arca4group.com\/wp-content\/uploads\/2014\/11\/transport001.jpg 250w, https:\/\/arca4group.com\/wp-content\/uploads\/2014\/11\/transport001-150x150.jpg 150w\" sizes=\"(max-width: 250px) 100vw, 250px\" \/><\/a><\/p>\n<p>ARCA fournit des services et des op\u00e9rations de transport blind\u00e9 complets qui incluent des cueillettes et des d\u00e9p\u00f4ts s\u00fbrs et efficaces, le management de la tr\u00e9sorerie et des services de gestion. <a title=\"Transport des valeurs\" href=\"http:\/\/arca4group.com\/?page_id=159\">Plus d&#8217;information&#8230;.<\/a><\/p>\n\n\t\t<\/div> \n\t<\/div>  \n\t<div class=\"wpb_content_element span3 wpb_text_column\">\n\t\t<div class=\"wpb_wrapper clearfix\">\n\t\t\t<div class=\"heading-wrap\"><h3 class=\"wpb_heading wpb_text_heading\">Coffre-forts intelligents<\/h3><\/div>\n\t\t\t\n<p><a href=\"http:\/\/arca4group.com\/?page_id=80\"><img loading=\"lazy\" decoding=\"async\" class=\"alignnone wp-image-505 size-full\" src=\"http:\/\/arca4group.com\/wp-content\/uploads\/2014\/11\/coffres-1.jpg\" alt=\"\" width=\"250\" height=\"250\" srcset=\"https:\/\/arca4group.com\/wp-content\/uploads\/2014\/11\/coffres-1.jpg 250w, https:\/\/arca4group.com\/wp-content\/uploads\/2014\/11\/coffres-1-150x150.jpg 150w\" sizes=\"(max-width: 250px) 100vw, 250px\" \/><\/a><\/p>\n<p>ARCA vous propose des coffres-forts qui prot\u00e8geront vos r\u00e9serves d\u2019esp\u00e8ces et autres objets de valeur. ARCA peut satisfaire toutes vos exigences de s\u00e9curit\u00e9, y compris l\u2019installation de vo\u00fbtes enti\u00e8rement blind\u00e9es. <a title=\"Securite &amp; Gardiennage\" href=\"http:\/\/arca4group.com\/?page_id=80\">Plus d&#8217;information&#8230;.<\/a><\/p>\n\n\t\t<\/div> \n\t<\/div>  \n\t<div class=\"wpb_accordion standard wpb_content_element span3 not-column-inherit\">\n\t\t<div class=\"wpb_wrapper wpb_accordion_wrapper \">\n\t\t\t \n\t\t\t<div class=\"wpb_accordion_section group\">\n\t\t\t\t<h3><a href=\"#\">ARCA lance son nouveau site web<\/a><\/h3>\n\t\t\t\t<div>\n\t\t\t\t <div class=\"row-fluid\">\n\t<div class=\"wpb_content_element span12 wpb_text_column\">\n\t\t<div class=\"wpb_wrapper clearfix\">\n\t\t\t\n<p>Il \u00e9tait attendu\u2026le voici!! Le nouveau site internet d\u2019ARCA voit le jour! <a title=\"ARCA lance son nouveau site web\" href=\"http:\/\/arca4group.com\/?p=146\">pour plus d\u2019informations<\/a><\/p>\n\n\t\t<\/div> \n\t<\/div> <\/div> \n\t\t\t\t<\/div>\n\t\t\t<\/div> \n \n\t\t\t<div class=\"wpb_accordion_section group\">\n\t\t\t\t<h3><a href=\"#\">ARCA- Conseils en s\u00e9curit\u00e9<\/a><\/h3>\n\t\t\t\t<div>\n\t\t\t\t <div class=\"row-fluid\">\n\t<div class=\"wpb_content_element span12 wpb_text_column\">\n\t\t<div class=\"wpb_wrapper clearfix\">\n\t\t\t\n<p>La pr\u00e9vention est encore le meilleur outil de lutte contre les activit\u00e9s criminelles. <a title=\"ARCA- Conseils en s\u00e9curit\u00e9\" href=\"http:\/\/arca4group.com\/?p=60\">Plus d\u2019informations<\/a><\/p>\n\n\t\t<\/div> \n\t<\/div> <\/div> \n\t\t\t\t<\/div>\n\t\t\t<\/div> \n \n\t\t<\/div> \n\t<\/div> <\/div>\n","protected":false},"excerpt":{"rendered":"","protected":false},"author":1,"featured_media":0,"parent":0,"menu_order":0,"comment_status":"open","ping_status":"open","template":"template-fw-slider.php","meta":{"footnotes":""},"class_list":["post-16","page","type-page","status-publish","hentry"],"_links":{"self":[{"href":"https:\/\/arca4group.com\/index.php?rest_route=\/wp\/v2\/pages\/16"}],"collection":[{"href":"https:\/\/arca4group.com\/index.php?rest_route=\/wp\/v2\/pages"}],"about":[{"href":"https:\/\/arca4group.com\/index.php?rest_route=\/wp\/v2\/types\/page"}],"author":[{"embeddable":true,"href":"https:\/\/arca4group.com\/index.php?rest_route=\/wp\/v2\/users\/1"}],"replies":[{"embeddable":true,"href":"https:\/\/arca4group.com\/index.php?rest_route=%2Fwp%2Fv2%2Fcomments&post=16"}],"version-history":[{"count":34,"href":"https:\/\/arca4group.com\/index.php?rest_route=\/wp\/v2\/pages\/16\/revisions"}],"predecessor-version":[{"id":506,"href":"https:\/\/arca4group.com\/index.php?rest_route=\/wp\/v2\/pages\/16\/revisions\/506"}],"wp:attachment":[{"href":"https:\/\/arca4group.com\/index.php?rest_route=%2Fwp%2Fv2%2Fmedia&parent=16"}],"curies":[{"name":"wp","href":"https:\/\/api.w.org\/{rel}","templated":true}]}}