{"id":92,"date":"2014-11-25T18:04:01","date_gmt":"2014-11-25T18:04:01","guid":{"rendered":"http:\/\/arca4group.com\/new\/?page_id=92"},"modified":"2015-01-12T19:32:31","modified_gmt":"2015-01-12T19:32:31","slug":"la-livraison-linstallation-lactivation-et-le-demarrage-des-dab","status":"publish","type":"page","link":"http:\/\/arca4group.com\/?page_id=92","title":{"rendered":"La livraison, l\u2019installation, l\u2019activation et le d\u00e9marrage des DAB"},"content":{"rendered":"<div class=\"row-fluid\">\n\t<div class=\"wpb_content_element span4 wpb_text_column\">\n\t\t<div class=\"wpb_wrapper clearfix\">\n\t\t\t\n<p><img loading=\"lazy\" decoding=\"async\" class=\"alignnone wp-image-227 size-full\" src=\"http:\/\/arca4group.com\/wp-content\/uploads\/2014\/11\/atmmaint.jpg\" alt=\"\" width=\"300\" height=\"254\" \/><\/p>\n\n\t\t<\/div> \n\t<\/div>  \n\t<div class=\"wpb_content_element span6 wpb_text_column\">\n\t\t<div class=\"wpb_wrapper clearfix\">\n\t\t\t\n<p>Les techniciens de service et les v\u00e9hicules d\u2019ARCA sont enti\u00e8rement \u00e9quip\u00e9s avec tous les outils n\u00e9cessaires pour fournir, installer, activer et former (si n\u00e9cessaire) la client\u00e8le et son personnel \u00e0 travers le Qu\u00e9bec et de l&#8217;Ontario<\/p>\n\n\t\t<\/div> \n\t<\/div> <\/div>\n","protected":false},"excerpt":{"rendered":"","protected":false},"author":1,"featured_media":0,"parent":0,"menu_order":0,"comment_status":"closed","ping_status":"open","template":"","meta":{"footnotes":""},"class_list":["post-92","page","type-page","status-publish","hentry"],"_links":{"self":[{"href":"http:\/\/arca4group.com\/index.php?rest_route=\/wp\/v2\/pages\/92"}],"collection":[{"href":"http:\/\/arca4group.com\/index.php?rest_route=\/wp\/v2\/pages"}],"about":[{"href":"http:\/\/arca4group.com\/index.php?rest_route=\/wp\/v2\/types\/page"}],"author":[{"embeddable":true,"href":"http:\/\/arca4group.com\/index.php?rest_route=\/wp\/v2\/users\/1"}],"replies":[{"embeddable":true,"href":"http:\/\/arca4group.com\/index.php?rest_route=%2Fwp%2Fv2%2Fcomments&post=92"}],"version-history":[{"count":6,"href":"http:\/\/arca4group.com\/index.php?rest_route=\/wp\/v2\/pages\/92\/revisions"}],"predecessor-version":[{"id":461,"href":"http:\/\/arca4group.com\/index.php?rest_route=\/wp\/v2\/pages\/92\/revisions\/461"}],"wp:attachment":[{"href":"http:\/\/arca4group.com\/index.php?rest_route=%2Fwp%2Fv2%2Fmedia&parent=92"}],"curies":[{"name":"wp","href":"https:\/\/api.w.org\/{rel}","templated":true}]}}