{"id":86,"date":"2014-11-25T18:02:14","date_gmt":"2014-11-25T18:02:14","guid":{"rendered":"http:\/\/arca4group.com\/new\/?page_id=86"},"modified":"2015-01-12T19:34:05","modified_gmt":"2015-01-12T19:34:05","slug":"le-ramassage-des-depots-et-leur-traitement","status":"publish","type":"page","link":"http:\/\/arca4group.com\/?page_id=86","title":{"rendered":"Le ramassage des d\u00e9p\u00f4ts et leur traitement"},"content":{"rendered":"<div class=\"row-fluid\">\n\t<div class=\"wpb_content_element span12 wpb_text_column\">\n\t\t<div class=\"wpb_wrapper clearfix\">\n\t\t\t\n<p><img loading=\"lazy\" decoding=\"async\" class=\"alignnone wp-image-248 size-full\" src=\"http:\/\/arca4group.com\/wp-content\/uploads\/2014\/11\/bankbg.jpg\" alt=\"bankbg\" width=\"950\" height=\"250\" srcset=\"http:\/\/arca4group.com\/wp-content\/uploads\/2014\/11\/bankbg.jpg 950w, http:\/\/arca4group.com\/wp-content\/uploads\/2014\/11\/bankbg-300x78.jpg 300w, http:\/\/arca4group.com\/wp-content\/uploads\/2014\/11\/bankbg-640x168.jpg 640w\" sizes=\"(max-width: 950px) 100vw, 950px\" \/><\/p>\n\n\t\t<\/div> \n\t<\/div> <\/div> <div class=\"row-fluid\">\n\t<div class=\"wpb_content_element span12 wpb_text_column\">\n\t\t<div class=\"wpb_wrapper clearfix\">\n\t\t\t\n<p>ARCA fournit des d\u00e9p\u00f4ts et des ramassages plus rapides, et garantit une r\u00e9duction des co\u00fbts par transaction pour les institutions financi\u00e8res. Notre expertise dans la logistique du transport et le traitement du num\u00e9raire vous aide \u00e0 diminuer vos co\u00fbts.<\/p>\n\n\t\t<\/div> \n\t<\/div> <\/div>\n","protected":false},"excerpt":{"rendered":"","protected":false},"author":1,"featured_media":0,"parent":0,"menu_order":0,"comment_status":"closed","ping_status":"open","template":"","meta":{"footnotes":""},"class_list":["post-86","page","type-page","status-publish","hentry"],"_links":{"self":[{"href":"http:\/\/arca4group.com\/index.php?rest_route=\/wp\/v2\/pages\/86"}],"collection":[{"href":"http:\/\/arca4group.com\/index.php?rest_route=\/wp\/v2\/pages"}],"about":[{"href":"http:\/\/arca4group.com\/index.php?rest_route=\/wp\/v2\/types\/page"}],"author":[{"embeddable":true,"href":"http:\/\/arca4group.com\/index.php?rest_route=\/wp\/v2\/users\/1"}],"replies":[{"embeddable":true,"href":"http:\/\/arca4group.com\/index.php?rest_route=%2Fwp%2Fv2%2Fcomments&post=86"}],"version-history":[{"count":5,"href":"http:\/\/arca4group.com\/index.php?rest_route=\/wp\/v2\/pages\/86\/revisions"}],"predecessor-version":[{"id":463,"href":"http:\/\/arca4group.com\/index.php?rest_route=\/wp\/v2\/pages\/86\/revisions\/463"}],"wp:attachment":[{"href":"http:\/\/arca4group.com\/index.php?rest_route=%2Fwp%2Fv2%2Fmedia&parent=86"}],"curies":[{"name":"wp","href":"https:\/\/api.w.org\/{rel}","templated":true}]}}