{"id":339,"date":"2015-01-05T16:37:17","date_gmt":"2015-01-05T16:37:17","guid":{"rendered":"http:\/\/arca4group.com\/new\/?page_id=339"},"modified":"2015-01-12T19:23:14","modified_gmt":"2015-01-12T19:23:14","slug":"autres-equipements-2","status":"publish","type":"page","link":"http:\/\/arca4group.com\/?page_id=339","title":{"rendered":"Autres \u00e9quipements"},"content":{"rendered":"<div class=\"row-fluid\">\n\t<div class=\"wpb_content_element span12 wpb_text_column\">\n\t\t<div class=\"wpb_wrapper clearfix\">\n\t\t\t\n<p><img loading=\"lazy\" decoding=\"async\" class=\"alignnone wp-image-246 size-full\" src=\"http:\/\/arca4group.com\/wp-content\/uploads\/2014\/11\/equipment.jpg\" alt=\"\" width=\"950\" height=\"250\" srcset=\"http:\/\/arca4group.com\/wp-content\/uploads\/2014\/11\/equipment.jpg 950w, http:\/\/arca4group.com\/wp-content\/uploads\/2014\/11\/equipment-300x78.jpg 300w, http:\/\/arca4group.com\/wp-content\/uploads\/2014\/11\/equipment-640x168.jpg 640w\" sizes=\"(max-width: 950px) 100vw, 950px\" \/><\/p>\n\n\t\t<\/div> \n\t<\/div> <\/div> <div class=\"row-fluid\">\n\t<div class=\"wpb_content_element span12 wpb_text_column\">\n\t\t<div class=\"wpb_wrapper clearfix\">\n\t\t\t\n<p>ARCA peut fournir des services et de l&#8217;\u00e9quipement pour le comptage et le tri de monnaie. En outre, ARCA vous propose une vari\u00e9t\u00e9 de dispositifs et de machines pour la d\u00e9tection de la fausse monnaie<\/p>\n\n\t\t<\/div> \n\t<\/div> <\/div>\n","protected":false},"excerpt":{"rendered":"","protected":false},"author":1,"featured_media":0,"parent":0,"menu_order":0,"comment_status":"closed","ping_status":"open","template":"","meta":{"footnotes":""},"class_list":["post-339","page","type-page","status-publish","hentry"],"_links":{"self":[{"href":"http:\/\/arca4group.com\/index.php?rest_route=\/wp\/v2\/pages\/339"}],"collection":[{"href":"http:\/\/arca4group.com\/index.php?rest_route=\/wp\/v2\/pages"}],"about":[{"href":"http:\/\/arca4group.com\/index.php?rest_route=\/wp\/v2\/types\/page"}],"author":[{"embeddable":true,"href":"http:\/\/arca4group.com\/index.php?rest_route=\/wp\/v2\/users\/1"}],"replies":[{"embeddable":true,"href":"http:\/\/arca4group.com\/index.php?rest_route=%2Fwp%2Fv2%2Fcomments&post=339"}],"version-history":[{"count":4,"href":"http:\/\/arca4group.com\/index.php?rest_route=\/wp\/v2\/pages\/339\/revisions"}],"predecessor-version":[{"id":453,"href":"http:\/\/arca4group.com\/index.php?rest_route=\/wp\/v2\/pages\/339\/revisions\/453"}],"wp:attachment":[{"href":"http:\/\/arca4group.com\/index.php?rest_route=%2Fwp%2Fv2%2Fmedia&parent=339"}],"curies":[{"name":"wp","href":"https:\/\/api.w.org\/{rel}","templated":true}]}}