{"id":159,"date":"2014-12-08T20:24:24","date_gmt":"2014-12-08T20:24:24","guid":{"rendered":"http:\/\/arca4group.com\/new\/?page_id=159"},"modified":"2015-01-12T19:56:46","modified_gmt":"2015-01-12T19:56:46","slug":"transport-des-valeurs","status":"publish","type":"page","link":"http:\/\/arca4group.com\/?page_id=159","title":{"rendered":"Transport des valeurs"},"content":{"rendered":"<div class=\"row-fluid\">\n\t<div class=\"wpb_content_element span12 wpb_text_column\">\n\t\t<div class=\"wpb_wrapper clearfix\">\n\t\t\t\n<p>ARCA fournit des services et des op\u00e9rations de transport blind\u00e9 complets qui incluent des cueillettes et des d\u00e9p\u00f4ts s\u00fbrs et efficaces, le management de la tr\u00e9sorerie et des services de gestion. Nos installations vous garantissent la meilleure protection pour vos colis de valeur. Tous les v\u00e9hicules ARCA sont enti\u00e8rement \u00e9quip\u00e9s pour mieux g\u00e9rer le transport s\u00e9curitaire du num\u00e9raire et de vos objets de valeur. Les membres du personnel d\u2019ARCA sont des professionnels form\u00e9s selon des normes de s\u00e9curit\u00e9 reconnues pour travailler efficacement et vous offrir un service rapide<\/p>\n\n\t\t<\/div> \n\t<\/div> <\/div> <div class=\"row-fluid\">\n\t<div class=\"wpb_content_element span6 wpb_text_column\">\n\t\t<div class=\"wpb_wrapper clearfix\">\n\t\t\t<div class=\"heading-wrap\"><h3 class=\"wpb_heading wpb_text_heading\">D\u00e9p\u00f4ts &amp; Ceuillettes<\/h3><\/div>\n\t\t\t\n<p><a title=\"Le transport blind\u00e9 : d\u00e9p\u00f4ts et cueillettes\" href=\"http:\/\/arca4group.com\/?page_id=74\"><img loading=\"lazy\" decoding=\"async\" class=\"alignnone wp-image-176 size-full\" src=\"http:\/\/arca4group.com\/wp-content\/uploads\/2014\/12\/Deposit-and-pickups.jpg\" alt=\"\" width=\"300\" height=\"150\" \/><\/a><\/p>\n\n\t\t<\/div> \n\t<\/div>  \n\t<div class=\"wpb_content_element span6 wpb_text_column\">\n\t\t<div class=\"wpb_wrapper clearfix\">\n\t\t\t<div class=\"heading-wrap\"><h3 class=\"wpb_heading wpb_text_heading\">Services pour guichets automatiques<\/h3><\/div>\n\t\t\t\n<p><a title=\"Le service aux guichets automatiques\" href=\"http:\/\/arca4group.com\/?page_id=84\"><img loading=\"lazy\" decoding=\"async\" class=\"alignnone wp-image-195 size-full\" src=\"http:\/\/arca4group.com\/wp-content\/uploads\/2014\/12\/ATM.jpg\" alt=\"\" width=\"300\" height=\"150\" \/><\/a><\/p>\n\n\t\t<\/div> \n\t<\/div> <\/div> <div class=\"row-fluid\">\n\t<div class=\"wpb_content_element span6 wpb_text_column\">\n\t\t<div class=\"wpb_wrapper clearfix\">\n\t\t\t<div class=\"heading-wrap\"><h3 class=\"wpb_heading wpb_text_heading\">M\u00e9taux, Bijoux et autres objets pr\u00e9cieux<\/h3><\/div>\n\t\t\t\n<p><a title=\"Le transport des m\u00e9taux et autres objets pr\u00e9cieux\" href=\"http:\/\/arca4group.com\/?page_id=98\"><img loading=\"lazy\" decoding=\"async\" class=\"alignnone wp-image-197 size-full\" src=\"http:\/\/arca4group.com\/wp-content\/uploads\/2014\/12\/jewellery.jpg\" alt=\"\" width=\"300\" height=\"150\" \/><\/a><\/p>\n\n\t\t<\/div> \n\t<\/div>  \n\t<div class=\"wpb_content_element span6 wpb_text_column\">\n\t\t<div class=\"wpb_wrapper clearfix\">\n\t\t\t<div class=\"heading-wrap\"><h3 class=\"wpb_heading wpb_text_heading\">Entreposage et services portuaires<\/h3><\/div>\n\t\t\t\n<p><a title=\"Entreposage et services  portuaires\" href=\"http:\/\/arca4group.com\/?page_id=273\"><img loading=\"lazy\" decoding=\"async\" class=\"alignnone wp-image-182 size-full\" src=\"http:\/\/arca4group.com\/wp-content\/uploads\/2014\/12\/Storage-facilities-and-Port-services.jpg\" alt=\"\" width=\"300\" height=\"150\" \/><\/a><\/p>\n\n\t\t<\/div> \n\t<\/div> <\/div>\n","protected":false},"excerpt":{"rendered":"","protected":false},"author":1,"featured_media":0,"parent":0,"menu_order":0,"comment_status":"closed","ping_status":"open","template":"","meta":{"footnotes":""},"class_list":["post-159","page","type-page","status-publish","hentry"],"_links":{"self":[{"href":"http:\/\/arca4group.com\/index.php?rest_route=\/wp\/v2\/pages\/159"}],"collection":[{"href":"http:\/\/arca4group.com\/index.php?rest_route=\/wp\/v2\/pages"}],"about":[{"href":"http:\/\/arca4group.com\/index.php?rest_route=\/wp\/v2\/types\/page"}],"author":[{"embeddable":true,"href":"http:\/\/arca4group.com\/index.php?rest_route=\/wp\/v2\/users\/1"}],"replies":[{"embeddable":true,"href":"http:\/\/arca4group.com\/index.php?rest_route=%2Fwp%2Fv2%2Fcomments&post=159"}],"version-history":[{"count":11,"href":"http:\/\/arca4group.com\/index.php?rest_route=\/wp\/v2\/pages\/159\/revisions"}],"predecessor-version":[{"id":484,"href":"http:\/\/arca4group.com\/index.php?rest_route=\/wp\/v2\/pages\/159\/revisions\/484"}],"wp:attachment":[{"href":"http:\/\/arca4group.com\/index.php?rest_route=%2Fwp%2Fv2%2Fmedia&parent=159"}],"curies":[{"name":"wp","href":"https:\/\/api.w.org\/{rel}","templated":true}]}}