{"id":157,"date":"2014-12-08T20:23:59","date_gmt":"2014-12-08T20:23:59","guid":{"rendered":"http:\/\/arca4group.com\/new\/?page_id=157"},"modified":"2015-01-12T19:58:53","modified_gmt":"2015-01-12T19:58:53","slug":"solutions","status":"publish","type":"page","link":"http:\/\/arca4group.com\/?page_id=157","title":{"rendered":"Solutions"},"content":{"rendered":"<div class=\"row-fluid\">\n\t<div class=\"wpb_content_element span12 wpb_text_column\">\n\t\t<div class=\"wpb_wrapper clearfix\">\n\t\t\t\n<p>ARCA vous offre une gamme compl\u00e8te de solutions pour satisfaire tous les domaines de l\u2019industrie. Notre but est de satisfaire notre client\u00e8le selon leur besoins. Nous desservons les industries diff\u00e9rentes pour leur besoin en mati\u00e8re de solutions d\u2019encaisse et le transport s\u00e9curis\u00e9.<\/p>\n\n\t\t<\/div> \n\t<\/div> <\/div> <div class=\"row-fluid\">\n\t<div class=\"wpb_content_element span4 wpb_text_column\">\n\t\t<div class=\"wpb_wrapper clearfix\">\n\t\t\t<div class=\"heading-wrap\"><h3 class=\"wpb_heading wpb_text_heading\">Gestion d'encaise et numeraires<\/h3><\/div>\n\t\t\t\n<p><a title=\"Le traitement des billets et de la monnaie\" href=\"http:\/\/arca4group.com\/?page_id=77\"><img loading=\"lazy\" decoding=\"async\" class=\"alignnone wp-image-190 size-full\" src=\"http:\/\/arca4group.com\/wp-content\/uploads\/2014\/12\/cdnmoney.jpg\" alt=\"\" width=\"300\" height=\"150\" \/><\/a><\/p>\n\n\t\t<\/div> \n\t<\/div>  \n\t<div class=\"wpb_content_element span4 wpb_text_column\">\n\t\t<div class=\"wpb_wrapper clearfix\">\n\t\t\t<div class=\"heading-wrap\"><h3 class=\"wpb_heading wpb_text_heading\">Institutions financi\u00e8res<\/h3><\/div>\n\t\t\t\n<p><img loading=\"lazy\" decoding=\"async\" class=\"alignnone wp-image-171 size-full\" src=\"http:\/\/arca4group.com\/wp-content\/uploads\/2014\/12\/Financial-Institutions_FR.jpg\" alt=\"\" width=\"300\" height=\"150\" \/><\/p>\n\n\t\t<\/div> \n\t<\/div>  \n\t<div class=\"wpb_content_element span4 wpb_text_column\">\n\t\t<div class=\"wpb_wrapper clearfix\">\n\t\t\t<div class=\"heading-wrap\"><h3 class=\"wpb_heading wpb_text_heading\">Commercial<\/h3><\/div>\n\t\t\t\n<p><a title=\"Commerciale et d\u00e9tail\" href=\"http:\/\/arca4group.com\/?page_id=269\"><img loading=\"lazy\" decoding=\"async\" class=\"alignnone wp-image-173 size-full\" src=\"http:\/\/arca4group.com\/wp-content\/uploads\/2014\/12\/Commercial-retail.jpg\" alt=\"\" width=\"300\" height=\"150\" \/><\/a><\/p>\n\n\t\t<\/div> \n\t<\/div> <\/div>\n","protected":false},"excerpt":{"rendered":"","protected":false},"author":1,"featured_media":0,"parent":0,"menu_order":0,"comment_status":"closed","ping_status":"open","template":"","meta":{"footnotes":""},"class_list":["post-157","page","type-page","status-publish","hentry"],"_links":{"self":[{"href":"http:\/\/arca4group.com\/index.php?rest_route=\/wp\/v2\/pages\/157"}],"collection":[{"href":"http:\/\/arca4group.com\/index.php?rest_route=\/wp\/v2\/pages"}],"about":[{"href":"http:\/\/arca4group.com\/index.php?rest_route=\/wp\/v2\/types\/page"}],"author":[{"embeddable":true,"href":"http:\/\/arca4group.com\/index.php?rest_route=\/wp\/v2\/users\/1"}],"replies":[{"embeddable":true,"href":"http:\/\/arca4group.com\/index.php?rest_route=%2Fwp%2Fv2%2Fcomments&post=157"}],"version-history":[{"count":13,"href":"http:\/\/arca4group.com\/index.php?rest_route=\/wp\/v2\/pages\/157\/revisions"}],"predecessor-version":[{"id":485,"href":"http:\/\/arca4group.com\/index.php?rest_route=\/wp\/v2\/pages\/157\/revisions\/485"}],"wp:attachment":[{"href":"http:\/\/arca4group.com\/index.php?rest_route=%2Fwp%2Fv2%2Fmedia&parent=157"}],"curies":[{"name":"wp","href":"https:\/\/api.w.org\/{rel}","templated":true}]}}